{"id":2839,"date":"2023-06-15T13:37:04","date_gmt":"2023-06-15T11:37:04","guid":{"rendered":"https:\/\/www.camping-pyrenees-cathare.fr\/aviso-legal\/"},"modified":"2023-06-19T14:29:54","modified_gmt":"2023-06-19T12:29:54","slug":"aviso-legal","status":"publish","type":"page","link":"https:\/\/www.camping-pyrenees-cathare.fr\/es\/aviso-legal\/","title":{"rendered":"Legal"},"content":{"rendered":"<section id=\"ls-section-block_9e3ae06573a00e1753892100b6877669\" class=\"ls-section  page-one h1-bis\" >\r\n        <div class=\"container \">\r\n        \n\n<h1 class=\"ls__heading wp-block-heading has-text-align-center\">AVISO LEGAL<\/h1>\n\n\n\n<p class=\"ls-paragraph has-text-align-center\">Consulte a continuaci\u00f3n los avisos legales de la p\u00e1gina web de <a href=\"https:\/\/www.camping-pyrenees-cathare.fr\/es\/\">nuestro camping<\/a>.<\/p>\n\n\n\n<h2 class=\"ls__heading wp-block-heading has-text-align-center\">EDITOR DEL SITIO<\/h2>\n\n\n\n<p class=\"ls-paragraph has-text-align-center\">Empresa: Les Chalets du Lac Belcaire<br\/>N\u00famero SIRET: 94868794200011<br\/>SIRENA: 948687942<br\/>C\u00f3digo APE: 5530Z<br\/>Direcci\u00f3n : 4 chemin du lac, 11340 Belcaire<br\/>Correo electr\u00f3nico:  <a href=\"mailto:contact@campinglesnobis.com\"><\/a><a href=\"mailto:contact@leschaletsdulacbelcaire.fr\" target=\"_blank\" rel=\"noreferrer noopener\">contact@leschaletsdulacbelcaire.fr<\/a><br\/>Director de publicaci\u00f3n: Didier MARGUERIE<\/p>\n\n\n\n<h2 class=\"ls__heading wp-block-heading has-text-align-center\">REALIZACI\u00d3N<\/h2>\n\n\n\n<p class=\"ls-paragraph has-text-align-center\"><strong>GEEK TONIC,<\/strong> representada por el Sr. Yohan Darmayan en su calidad de Gerente<br\/>Oficina central: 50 Avenue du Lac Marion 64200 Biarritz<br\/>Tel\u00e9fono : 05 32 74 11 52<br\/>Correo electr\u00f3nico: support@geek-tonic.com<br\/>Sitio web: <a href=\"https:\/\/www.geek-tonic.com\/\" target=\"_blank\" rel=\"noreferrer noopener nofollow\">www.geek-tonic.com<\/a><br\/>SIRET: 89746755100015<br\/>APE: 6201Z<\/p>\n\n\n\n<h2 class=\"ls__heading wp-block-heading has-text-align-center\">DERECHOS DE AUTOR Y COPYRIGHT<\/h2>\n\n\n\n<p class=\"ls-paragraph has-text-align-center\">Todo el contenido de este sitio depende de los derechos de autor y la propiedad intelectual de la legislaci\u00f3n francesa<br\/>Cualquier reproducci\u00f3n (incluyendo fotos, iconos y documentos descargables) est\u00e1 prohibida sin el consentimiento previo de GEEK TONIC.<br\/>Se proh\u00edbe la reproducci\u00f3n en soporte electr\u00f3nico de todo o parte del sitio en papel o formato electr\u00f3nico.<br\/>GEEK TONIC declina toda responsabilidad por el contenido del sitio web.<br\/>GEEK TONIC tambi\u00e9n declina toda responsabilidad por los enlaces externos que apuntan al presente sitio.<\/p>\n\n\n\n<h2 class=\"ls__heading wp-block-heading has-text-align-center\">DATOS PERSONALES E INFORMACI\u00d3N PERSONAL<\/h2>\n\n\n\n<p class=\"ls-paragraph has-text-align-center\">Tiene derecho a acceder, modificar, rectificar y eliminar los datos que le conciernen de acuerdo con el art\u00edculo 34 de la Ley \u00abInformatique et Libert\u00e9s\u00bb n \u00b0 78-17 del 6 de enero de 1978, modificada el 6 de agosto de 2018.<br\/>Para implementar este derecho de acceso, puede hacerlo mediante una simple solicitud por escrito al editor del sitio.<\/p>\n\n\n\n<h2 class=\"ls__heading wp-block-heading has-text-align-center\">LEGISLACI\u00d3N<\/h2>\n\n\n\n<p class=\"ls-paragraph has-text-align-center\">De acuerdo con la ley del 11 de marzo de 1957 (art. 41) y el c\u00f3digo de propiedad intelectual del 1 de julio de 1992, est\u00e1 prohibido reproducir parcial o totalmente cualquier parte del sitio sin la autorizaci\u00f3n previa del editor del sitio.<br\/>Logotipos, im\u00e1genes, fotos, videos, cartas gr\u00e1ficas, textos son propiedad de sus respectivos due\u00f1os.<br\/>Este sitio puede, sin su conocimiento, haber sido vinculado a otros sitios a trav\u00e9s de enlaces hipermedia. El editor del sitio declina toda responsabilidad por la informaci\u00f3n presentada en estos otros sitios.<br\/>El usuario reconoce que el uso de este sitio se rige por la ley francesa.<\/p>\n\n\r\n    <\/div>\r\n<\/section>","protected":false},"excerpt":{"rendered":"","protected":false},"author":1,"featured_media":0,"parent":0,"menu_order":0,"comment_status":"closed","ping_status":"closed","template":"","meta":{"_acf_changed":false,"footnotes":""},"sujet":[],"class_list":["post-2839","page","type-page","status-publish","hentry"],"acf":[],"yoast_head":"<!-- This site is optimized with the Yoast SEO plugin v25.2 - https:\/\/yoast.com\/wordpress\/plugins\/seo\/ -->\n<title>Legal - Les Chalets du Lac Belcaire<\/title>\n<meta name=\"robots\" content=\"noindex, nofollow\" \/>\n<meta property=\"og:locale\" content=\"es_ES\" \/>\n<meta property=\"og:type\" content=\"article\" \/>\n<meta property=\"og:title\" content=\"Legal - Les Chalets du Lac Belcaire\" \/>\n<meta property=\"og:url\" content=\"https:\/\/www.camping-pyrenees-cathare.fr\/es\/aviso-legal\/\" \/>\n<meta property=\"og:site_name\" content=\"Les Chalets du Lac Belcaire\" \/>\n<meta property=\"article:publisher\" content=\"https:\/\/www.facebook.com\/campingbelcaire\/?locale=fr_FR\" \/>\n<meta property=\"article:modified_time\" content=\"2023-06-19T12:29:54+00:00\" \/>\n<meta property=\"og:image\" content=\"https:\/\/www.camping-pyrenees-cathare.fr\/wp-content\/uploads\/2023\/06\/chalet-location-camping-les-chalets-du-lac-768x432-1.webp\" \/>\n\t<meta property=\"og:image:width\" content=\"768\" \/>\n\t<meta property=\"og:image:height\" content=\"432\" \/>\n\t<meta property=\"og:image:type\" content=\"image\/webp\" \/>\n<meta name=\"twitter:card\" content=\"summary_large_image\" \/>\n<meta name=\"twitter:label1\" content=\"Tiempo de lectura\" \/>\n\t<meta name=\"twitter:data1\" content=\"2 minutos\" \/>\n<script type=\"application\/ld+json\" class=\"yoast-schema-graph\">{\"@context\":\"https:\/\/schema.org\",\"@graph\":[{\"@type\":\"WebPage\",\"@id\":\"https:\/\/www.camping-pyrenees-cathare.fr\/es\/aviso-legal\/\",\"url\":\"https:\/\/www.camping-pyrenees-cathare.fr\/es\/aviso-legal\/\",\"name\":\"Legal - Les Chalets du Lac Belcaire\",\"isPartOf\":{\"@id\":\"https:\/\/www.camping-pyrenees-cathare.fr\/#website\"},\"datePublished\":\"2023-06-15T11:37:04+00:00\",\"dateModified\":\"2023-06-19T12:29:54+00:00\",\"breadcrumb\":{\"@id\":\"https:\/\/www.camping-pyrenees-cathare.fr\/es\/aviso-legal\/#breadcrumb\"},\"inLanguage\":\"es\",\"potentialAction\":[{\"@type\":\"ReadAction\",\"target\":[\"https:\/\/www.camping-pyrenees-cathare.fr\/es\/aviso-legal\/\"]}]},{\"@type\":\"BreadcrumbList\",\"@id\":\"https:\/\/www.camping-pyrenees-cathare.fr\/es\/aviso-legal\/#breadcrumb\",\"itemListElement\":[{\"@type\":\"ListItem\",\"position\":1,\"name\":\"Camping Belcaire\",\"item\":\"https:\/\/www.camping-pyrenees-cathare.fr\/es\/\"},{\"@type\":\"ListItem\",\"position\":2,\"name\":\"Legal\"}]},{\"@type\":\"WebSite\",\"@id\":\"https:\/\/www.camping-pyrenees-cathare.fr\/#website\",\"url\":\"https:\/\/www.camping-pyrenees-cathare.fr\/\",\"name\":\"Les chalets du lac Belcaire\",\"description\":\"\",\"publisher\":{\"@id\":\"https:\/\/www.camping-pyrenees-cathare.fr\/#organization\"},\"potentialAction\":[{\"@type\":\"SearchAction\",\"target\":{\"@type\":\"EntryPoint\",\"urlTemplate\":\"https:\/\/www.camping-pyrenees-cathare.fr\/?s={search_term_string}\"},\"query-input\":{\"@type\":\"PropertyValueSpecification\",\"valueRequired\":true,\"valueName\":\"search_term_string\"}}],\"inLanguage\":\"es\"},{\"@type\":\"Organization\",\"@id\":\"https:\/\/www.camping-pyrenees-cathare.fr\/#organization\",\"name\":\"Les chalets du lac Belcaire\",\"url\":\"https:\/\/www.camping-pyrenees-cathare.fr\/\",\"logo\":{\"@type\":\"ImageObject\",\"inLanguage\":\"es\",\"@id\":\"https:\/\/www.camping-pyrenees-cathare.fr\/#\/schema\/logo\/image\/\",\"url\":\"https:\/\/www.camping-pyrenees-cathare.fr\/wp-content\/uploads\/2023\/05\/logo-couleur-camping-les-chalets-du-lac.webp\",\"contentUrl\":\"https:\/\/www.camping-pyrenees-cathare.fr\/wp-content\/uploads\/2023\/05\/logo-couleur-camping-les-chalets-du-lac.webp\",\"width\":462,\"height\":252,\"caption\":\"Les chalets du lac Belcaire\"},\"image\":{\"@id\":\"https:\/\/www.camping-pyrenees-cathare.fr\/#\/schema\/logo\/image\/\"},\"sameAs\":[\"https:\/\/www.facebook.com\/campingbelcaire\/?locale=fr_FR\",\"https:\/\/www.tripadvisor.fr\/Hotel_Review-g1384321-d13748665-Reviews-Les_Chalets_du_Lac-Belcaire_Aude_Occitanie.html\",\"https:\/\/www.instagram.com\/leschaletsdulacbelcaire\/\"]}]}<\/script>\n<!-- \/ Yoast SEO plugin. -->","yoast_head_json":{"title":"Legal - Les Chalets du Lac Belcaire","robots":{"index":"noindex","follow":"nofollow"},"og_locale":"es_ES","og_type":"article","og_title":"Legal - Les Chalets du Lac Belcaire","og_url":"https:\/\/www.camping-pyrenees-cathare.fr\/es\/aviso-legal\/","og_site_name":"Les Chalets du Lac Belcaire","article_publisher":"https:\/\/www.facebook.com\/campingbelcaire\/?locale=fr_FR","article_modified_time":"2023-06-19T12:29:54+00:00","og_image":[{"width":768,"height":432,"url":"https:\/\/www.camping-pyrenees-cathare.fr\/wp-content\/uploads\/2023\/06\/chalet-location-camping-les-chalets-du-lac-768x432-1.webp","type":"image\/webp"}],"twitter_card":"summary_large_image","twitter_misc":{"Tiempo de lectura":"2 minutos"},"schema":{"@context":"https:\/\/schema.org","@graph":[{"@type":"WebPage","@id":"https:\/\/www.camping-pyrenees-cathare.fr\/es\/aviso-legal\/","url":"https:\/\/www.camping-pyrenees-cathare.fr\/es\/aviso-legal\/","name":"Legal - Les Chalets du Lac Belcaire","isPartOf":{"@id":"https:\/\/www.camping-pyrenees-cathare.fr\/#website"},"datePublished":"2023-06-15T11:37:04+00:00","dateModified":"2023-06-19T12:29:54+00:00","breadcrumb":{"@id":"https:\/\/www.camping-pyrenees-cathare.fr\/es\/aviso-legal\/#breadcrumb"},"inLanguage":"es","potentialAction":[{"@type":"ReadAction","target":["https:\/\/www.camping-pyrenees-cathare.fr\/es\/aviso-legal\/"]}]},{"@type":"BreadcrumbList","@id":"https:\/\/www.camping-pyrenees-cathare.fr\/es\/aviso-legal\/#breadcrumb","itemListElement":[{"@type":"ListItem","position":1,"name":"Camping Belcaire","item":"https:\/\/www.camping-pyrenees-cathare.fr\/es\/"},{"@type":"ListItem","position":2,"name":"Legal"}]},{"@type":"WebSite","@id":"https:\/\/www.camping-pyrenees-cathare.fr\/#website","url":"https:\/\/www.camping-pyrenees-cathare.fr\/","name":"Les chalets du lac Belcaire","description":"","publisher":{"@id":"https:\/\/www.camping-pyrenees-cathare.fr\/#organization"},"potentialAction":[{"@type":"SearchAction","target":{"@type":"EntryPoint","urlTemplate":"https:\/\/www.camping-pyrenees-cathare.fr\/?s={search_term_string}"},"query-input":{"@type":"PropertyValueSpecification","valueRequired":true,"valueName":"search_term_string"}}],"inLanguage":"es"},{"@type":"Organization","@id":"https:\/\/www.camping-pyrenees-cathare.fr\/#organization","name":"Les chalets du lac Belcaire","url":"https:\/\/www.camping-pyrenees-cathare.fr\/","logo":{"@type":"ImageObject","inLanguage":"es","@id":"https:\/\/www.camping-pyrenees-cathare.fr\/#\/schema\/logo\/image\/","url":"https:\/\/www.camping-pyrenees-cathare.fr\/wp-content\/uploads\/2023\/05\/logo-couleur-camping-les-chalets-du-lac.webp","contentUrl":"https:\/\/www.camping-pyrenees-cathare.fr\/wp-content\/uploads\/2023\/05\/logo-couleur-camping-les-chalets-du-lac.webp","width":462,"height":252,"caption":"Les chalets du lac Belcaire"},"image":{"@id":"https:\/\/www.camping-pyrenees-cathare.fr\/#\/schema\/logo\/image\/"},"sameAs":["https:\/\/www.facebook.com\/campingbelcaire\/?locale=fr_FR","https:\/\/www.tripadvisor.fr\/Hotel_Review-g1384321-d13748665-Reviews-Les_Chalets_du_Lac-Belcaire_Aude_Occitanie.html","https:\/\/www.instagram.com\/leschaletsdulacbelcaire\/"]}]}},"_links":{"self":[{"href":"https:\/\/www.camping-pyrenees-cathare.fr\/es\/wp-json\/wp\/v2\/pages\/2839","targetHints":{"allow":["GET"]}}],"collection":[{"href":"https:\/\/www.camping-pyrenees-cathare.fr\/es\/wp-json\/wp\/v2\/pages"}],"about":[{"href":"https:\/\/www.camping-pyrenees-cathare.fr\/es\/wp-json\/wp\/v2\/types\/page"}],"author":[{"embeddable":true,"href":"https:\/\/www.camping-pyrenees-cathare.fr\/es\/wp-json\/wp\/v2\/users\/1"}],"replies":[{"embeddable":true,"href":"https:\/\/www.camping-pyrenees-cathare.fr\/es\/wp-json\/wp\/v2\/comments?post=2839"}],"version-history":[{"count":5,"href":"https:\/\/www.camping-pyrenees-cathare.fr\/es\/wp-json\/wp\/v2\/pages\/2839\/revisions"}],"predecessor-version":[{"id":3525,"href":"https:\/\/www.camping-pyrenees-cathare.fr\/es\/wp-json\/wp\/v2\/pages\/2839\/revisions\/3525"}],"wp:attachment":[{"href":"https:\/\/www.camping-pyrenees-cathare.fr\/es\/wp-json\/wp\/v2\/media?parent=2839"}],"wp:term":[{"taxonomy":"sujet","embeddable":true,"href":"https:\/\/www.camping-pyrenees-cathare.fr\/es\/wp-json\/wp\/v2\/sujet?post=2839"}],"curies":[{"name":"wp","href":"https:\/\/api.w.org\/{rel}","templated":true}]}}