{"id":5864,"date":"2026-03-31T16:34:21","date_gmt":"2026-03-31T14:34:21","guid":{"rendered":"https:\/\/www.camping-pyrenees-cathare.fr\/descargas\/"},"modified":"2026-03-31T16:34:22","modified_gmt":"2026-03-31T14:34:22","slug":"descargas","status":"publish","type":"page","link":"https:\/\/www.camping-pyrenees-cathare.fr\/es\/descargas\/","title":{"rendered":"Descargas"},"content":{"rendered":"<section id=\"ls-section-block_a26b9ac28f24134c694607677a96e151\" class=\"ls-section  home-sixth\" >\r\n        <div class=\"container container--full\">\r\n        \n\n<div class=\"wp-block-columns is-layout-flex wp-container-core-columns-is-layout-9d6595d7 wp-block-columns-is-layout-flex\">\n<div class=\"wp-block-column has-color-4-background-color has-background is-layout-flow wp-block-column-is-layout-flow\" style=\"flex-basis:50%\">\n<h1 class=\"ls__heading wp-block-heading\">Documentos \u00fatiles para descargar<\/h1>\n\n\n\n<h2 class=\"ls__heading wp-block-heading\">Organiza tu estancia sin complicaciones<\/h2>\n\n\n\n<p class=\"ls-paragraph has-text-align-center\">Organice su estancia en <a href=\"https:\/\/www.camping-pyrenees-cathare.fr\/es\/\">Les Chalets du Lac de Belcaire<\/a> con toda facilidad gracias a nuestra secci\u00f3n de descargas.<br\/>All\u00ed encontrar\u00e1 todos l<strong>os documentos \u00fatiles <\/strong>que debe consultar y tener a mano, tanto antes como durante su estancia.<\/p>\n\n\n\n<p class=\"ls-paragraph has-text-align-center\">Empiece por consultar nuestras <strong>tarifas<\/strong>, que puede descargar f\u00e1cilmente para organizar su estancia con total transparencia. Tambi\u00e9n puede consultar y descargar <strong>el folleto del campin<\/strong>g, ideal para hacerse una idea general de nuestros alojamientos, servicios y actividades. Un recurso pr\u00e1ctico que le recomendamos guardar para preparar sus vacaciones con total tranquilidad.  <\/p>\n\n\n\n<p class=\"ls-paragraph has-text-align-center\">Para realizar su reserva, consulte tambi\u00e9n los documentos esenciales, como <strong>las condiciones generales de venta<\/strong>, el <strong>reglamento interno <\/strong>y la informaci\u00f3n relativa <strong>al seguro de cancelaci\u00f3n<\/strong>.<\/p>\n\n\n\n<p class=\"ls-paragraph has-text-align-center\">Por \u00faltimo, para ayudarle durante su estancia, ponemos a su disposici\u00f3n documentos pr\u00e1cticos, como<strong> el folleto de bienvenida<\/strong> y el plano del camping, con el fin de facilitar su instalaci\u00f3n y que pueda disfrutar al m\u00e1ximo de su estancia.<\/p>\n\n\n\n<p class=\"ls-paragraph has-text-align-center\">Todos estos documentos est\u00e1n pensados para ofrecerte<strong> claridad, comodidad y tranquilidad.<\/strong> No dudes en descargarlos y tenerlos a mano: te resultar\u00e1n muy \u00fatiles en cada etapa de tu experiencia con nosotros.<\/p>\n\n\n\n\n<a href=\"https:\/\/www.camping-pyrenees-cathare.fr\/contact-acces\/\" id=\"ls-button-block_0fd862fb0c89c08a8df2310f412e03ac\" target=\"\" rel=\"\" class=\"ls-button\">\n\n    <span>Informaci\u00f3n <strong>de contacto<\/strong><\/span>\n\n<\/a>\n\n<\/div>\n\n\n\n<div class=\"wp-block-column is-vertically-aligned-center animated fadeInRight slow is-layout-flow wp-block-column-is-layout-flow\" style=\"flex-basis:50%\">\n<div id=\"ls-heading ls-titre-div-block_2284468fff2443e1c4b7ab9d6cb7c501\" class=\"ls-titre-div titre-deco h2-like has-text-color has-color-1-color\" >\n    \u00c1rea<br>de descargas<\/div>\n\n\n\n<figure class=\"wp-block-image size-full image-blob\"><img loading=\"lazy\" decoding=\"async\" width=\"1024\" height=\"768\" src=\"https:\/\/www.camping-pyrenees-cathare.fr\/wp-content\/uploads\/2023\/06\/venir-chalets-du-lac.webp\" alt=\"Venir a Chalets du Lac\" class=\"wp-image-2354\" srcset=\"https:\/\/www.camping-pyrenees-cathare.fr\/wp-content\/uploads\/2023\/06\/venir-chalets-du-lac.webp 1024w, https:\/\/www.camping-pyrenees-cathare.fr\/wp-content\/uploads\/2023\/06\/venir-chalets-du-lac-300x225.webp 300w, https:\/\/www.camping-pyrenees-cathare.fr\/wp-content\/uploads\/2023\/06\/venir-chalets-du-lac-768x576.webp 768w\" sizes=\"auto, (max-width: 1024px) 100vw, 1024px\" \/><\/figure>\n\n\n\n<figure class=\"wp-block-image size-full image-secondaire\"><img loading=\"lazy\" decoding=\"async\" width=\"1024\" height=\"683\" src=\"https:\/\/www.camping-pyrenees-cathare.fr\/wp-content\/uploads\/2023\/06\/Wifi-sur-tout-le-camping.webp\" alt=\"Wifi en todo el camping\" class=\"wp-image-1660\" srcset=\"https:\/\/www.camping-pyrenees-cathare.fr\/wp-content\/uploads\/2023\/06\/Wifi-sur-tout-le-camping.webp 1024w, https:\/\/www.camping-pyrenees-cathare.fr\/wp-content\/uploads\/2023\/06\/Wifi-sur-tout-le-camping-300x200.webp 300w, https:\/\/www.camping-pyrenees-cathare.fr\/wp-content\/uploads\/2023\/06\/Wifi-sur-tout-le-camping-768x512.webp 768w\" sizes=\"auto, (max-width: 1024px) 100vw, 1024px\" \/><\/figure>\n<\/div>\n<\/div>\n\n\r\n    <\/div>\r\n<\/section><section id=\"ls-section-block_9aed8fd4dca3535f2fb591bace251c49\" class=\"ls-section  has-m-t m-t-0 has-m-b m-b-0 has-m-l m-l-0 has-m-r m-r-0 has-p-t p-t-0 has-p-b p-b-0 has-p-l p-l-0 has-p-r p-r-0\" >\r\n        <div class=\"container \">\r\n        \n\n<div class=\"wp-block-columns is-layout-flex wp-container-core-columns-is-layout-9d6595d7 wp-block-columns-is-layout-flex\">\n<div class=\"wp-block-column is-layout-flow wp-block-column-is-layout-flow\">\n<div id=\"ls-pdf-block_190d355cbe88d1cbe55a4a966e527e59\" class=\"ls-pdf has-m-t m-t-0 has-m-b m-b-0 has-m-l m-l-0 has-m-r m-r-0 has-p-t p-t-0 has-p-b p-b-0 has-p-l p-l-0 has-p-r p-r-0\">\n    <div class=\"ls-pdf__list\">\n                                    <a href=\"https:\/\/www.camping-pyrenees-cathare.fr\/wp-content\/uploads\/2023\/06\/Plan-Les-chalets-du-lac-Belcaire-10.pdf\" title=\"Mapa del camping\" class=\"ls-pdf__list__item\" data-fancybox=\"pdf\">\n                    <div>Mapa del camping <span>+<\/span><\/div>\n                                            <i class=\"chalets-map\"><\/i>\n                                    <\/a>\n                            <a href=\"https:\/\/www.camping-pyrenees-cathare.fr\/wp-content\/uploads\/2023\/05\/CGV_v2026.pdf\" title=\"Condiciones generales\" class=\"ls-pdf__list__item\" data-fancybox=\"pdf\">\n                    <div>Condiciones generales <span>+<\/span><\/div>\n                                            <i class=\"chalets-contrat\"><\/i>\n                                    <\/a>\n                            <a href=\"https:\/\/www.camping-pyrenees-cathare.fr\/wp-content\/uploads\/2023\/06\/Les-chalets-du-lac-Belcaire-RI.pdf\" title=\"Normativa\" class=\"ls-pdf__list__item\" data-fancybox=\"pdf\">\n                    <div>Normativa <span>+<\/span><\/div>\n                                            <i class=\"chalets-reglement\"><\/i>\n                                    <\/a>\n                            <a href=\"https:\/\/www.camping-pyrenees-cathare.fr\/wp-content\/uploads\/2023\/05\/Tarifs-2026-8.pdf\" title=\"Tarifas\" class=\"ls-pdf__list__item\" data-fancybox=\"pdf\">\n                    <div>Tarifas <span>+<\/span><\/div>\n                                            <i class=\"chalets-tarifs\"><\/i>\n                                    <\/a>\n                        <\/div>\n<\/div>\n\n\n<p class=\"ls-paragraph\"><br\/><a href=\"https:\/\/www.camping-pyrenees-cathare.fr\/wp-content\/uploads\/2023\/06\/location-emplacement-aude.webp\"><\/a><\/p>\n\n\n<section id=\"ls-section-block_9aed8fd4dca3535f2fb591bace251c49\" class=\"ls-section  has-m-t m-t-0 has-m-b m-b-0 has-m-l m-l-0 has-m-r m-r-0 has-p-t p-t-0 has-p-b p-b-0 has-p-l p-l-0 has-p-r p-r-0\" >\r\n        <div class=\"container \">\r\n        \r\n    <\/div>\r\n<\/section><\/div>\n<\/div>\n\n\r\n    <\/div>\r\n<\/section><section id=\"ls-section-block_66fcad7dca5afa8b85766632f4702aba\" class=\"ls-section  home-seventh\" >\r\n        <div class=\"container container--wide\">\r\n        \n\n<div id=\"ls-heading ls-titre-div-block_a23685465711a4d8c14c3a9dcfa4df0b\" class=\"ls-titre-div titre-deco h2-like\" >\n    Tu chalet para<br>noches bajo las estrellas<\/div>\n\n\n\n<h2 class=\"ls__heading wp-block-heading has-text-align-center\"><strong>Nuestras casas de campo<\/strong> en alquiler en Belcaire<\/h2>\n\n\n\n<div class=\"wp-block-columns m-b-7 is-layout-flex wp-container-core-columns-is-layout-9d6595d7 wp-block-columns-is-layout-flex\">\n<div class=\"wp-block-column is-layout-flow wp-block-column-is-layout-flow\">\r\n<div id=\"ls-cta-block_be22e114ff2e0d0476c404059395f543\" class=\"ls-cta animated fadeInUp slow\">  \r\n    \n\n<a href=\"https:\/\/www.camping-pyrenees-cathare.fr\/es\/alquiler-chalet-belcaire\/#section-cabane\" target=\"\" rel=\"noopener\" class=\"ls-cta__link\">\n\n\t<div class=\"ls-cta__image\"><img decoding=\"async\" src=\"https:\/\/www.camping-pyrenees-cathare.fr\/wp-content\/uploads\/2023\/06\/chalet-location-camping-les-chalets-du-lac-768x432-1.webp\" alt=\"alquiler de chal\u00e9s en el Aude\"><\/div>\n\t<span class=\"chalets-cercle\">+<\/span>\n\n\t<div class=\"ls-cta__title\">\n\t\tDescubre <strong>las caba\u00f1as y lodges<\/strong>\t<\/div>\n\n\t\t\n<\/a><\/div><\/div>\n\n\n\n<div class=\"wp-block-column is-layout-flow wp-block-column-is-layout-flow\">\r\n<div id=\"ls-cta-block_b656db648e76f84609415ba7a71a12c6\" class=\"ls-cta animated fadeInUp delay-100ms slow\">  \r\n    \n\n<a href=\"https:\/\/www.camping-pyrenees-cathare.fr\/es\/alquiler-chalet-belcaire\/\" target=\"\" rel=\"noopener\" class=\"ls-cta__link\">\n\n\t<div class=\"ls-cta__image\"><img decoding=\"async\" src=\"https:\/\/www.camping-pyrenees-cathare.fr\/wp-content\/uploads\/2023\/06\/chalets-camping-les-chalets-du-lac-768x576.webp\" alt=\"Alquiler de chalet en Belcaire\"><\/div>\n\t<span class=\"chalets-cercle\">+<\/span>\n\n\t<div class=\"ls-cta__title\">\n\t\tDescubre <strong>los chalets<\/strong>\t<\/div>\n\n\t\t\n<\/a><\/div><\/div>\n\n\n\n<div class=\"wp-block-column is-layout-flow wp-block-column-is-layout-flow\">\r\n<div id=\"ls-cta-block_6bcf1e981a4d7831a4f7502b4f998997\" class=\"ls-cta animated fadeInUp delay-200ms slow\">  \r\n    \n\n<a href=\"https:\/\/www.camping-pyrenees-cathare.fr\/es\/ubicacion-belcaire\/\" target=\"\" rel=\"noopener\" class=\"ls-cta__link\">\n\n\t<div class=\"ls-cta__image\"><img decoding=\"async\" src=\"https:\/\/www.camping-pyrenees-cathare.fr\/wp-content\/uploads\/2023\/06\/location-emplacement-van.webp\" alt=\"Alquiler de parcelas van\"><\/div>\n\t<span class=\"chalets-cercle\">+<\/span>\n\n\t<div class=\"ls-cta__title\">\n\t\tDescubre <strong>las ubicaciones<\/strong>\t<\/div>\n\n\t\t\n<\/a><\/div><\/div>\n<\/div>\n\n\n\n<p class=\"ls-paragraph has-text-align-center\">Disfrute de unas agradables vacaciones <strong>en plena monta\u00f1a<\/strong>, en un entorno aut\u00e9ntico, gracias a nuestros chal\u00e9s situados en el coraz\u00f3n de uno de los bosques de abetos m\u00e1s bellos de la regi\u00f3n de Aude. La estructura de madera de estas caba\u00f1as le garantiza<strong> paz y tranquilidad en plena naturaleza<\/strong>. Abiertos todo el a\u00f1o, <a href=\"https:\/\/www.camping-pyrenees-cathare.fr\/es\/alquiler-chalet-belcaire\/\">los chal\u00e9s de alquiler <\/a>le dan la bienvenida en cualquier \u00e9poca del a\u00f1o para un fin de semana, una semana o m\u00e1s. Con capacidad para 4 a 6 personas y la posibilidad de alojar hasta 13, <strong>los chal\u00e9s combinan tradici\u00f3n y encanto.<\/strong> Para una estancia m\u00e1s tradicional, reserve <a href=\"https:\/\/www.camping-pyrenees-cathare.fr\/es\/turismo-aude\/\">su parcela en el Aude <\/a>y disfrute de<a href=\"https:\/\/www.camping-pyrenees-cathare.fr\/es\/camping-barato-belcaire\/\"> las mejores tarifas del camping.<\/a>    <\/p>\n\n\r\n    <\/div>\r\n<\/section>","protected":false},"excerpt":{"rendered":"","protected":false},"author":3,"featured_media":0,"parent":0,"menu_order":0,"comment_status":"closed","ping_status":"closed","template":"","meta":{"_acf_changed":false,"footnotes":""},"sujet":[],"class_list":["post-5864","page","type-page","status-publish","hentry"],"acf":[],"yoast_head":"<!-- This site is optimized with the Yoast SEO plugin v25.2 - https:\/\/yoast.com\/wordpress\/plugins\/seo\/ -->\n<title>Descargas - Les Chalets du Lac Belcaire<\/title>\n<meta name=\"robots\" content=\"index, follow, max-snippet:-1, max-image-preview:large, max-video-preview:-1\" \/>\n<link rel=\"canonical\" href=\"https:\/\/www.camping-pyrenees-cathare.fr\/es\/descargas\/\" \/>\n<meta property=\"og:locale\" content=\"es_ES\" \/>\n<meta property=\"og:type\" content=\"article\" \/>\n<meta property=\"og:title\" content=\"Descargas - Les Chalets du Lac Belcaire\" \/>\n<meta property=\"og:url\" content=\"https:\/\/www.camping-pyrenees-cathare.fr\/es\/descargas\/\" \/>\n<meta property=\"og:site_name\" content=\"Les Chalets du Lac Belcaire\" \/>\n<meta property=\"article:publisher\" content=\"https:\/\/www.facebook.com\/campingbelcaire\/?locale=fr_FR\" \/>\n<meta property=\"article:modified_time\" content=\"2026-03-31T14:34:22+00:00\" \/>\n<meta property=\"og:image\" content=\"https:\/\/www.camping-pyrenees-cathare.fr\/wp-content\/uploads\/2023\/06\/venir-chalets-du-lac.webp\" \/>\n\t<meta property=\"og:image:width\" content=\"1024\" \/>\n\t<meta property=\"og:image:height\" content=\"768\" \/>\n\t<meta property=\"og:image:type\" content=\"image\/webp\" \/>\n<meta name=\"twitter:card\" content=\"summary_large_image\" \/>\n<meta name=\"twitter:label1\" content=\"Tiempo de lectura\" \/>\n\t<meta name=\"twitter:data1\" content=\"2 minutos\" \/>\n<script type=\"application\/ld+json\" class=\"yoast-schema-graph\">{\"@context\":\"https:\/\/schema.org\",\"@graph\":[{\"@type\":\"WebPage\",\"@id\":\"https:\/\/www.camping-pyrenees-cathare.fr\/es\/descargas\/\",\"url\":\"https:\/\/www.camping-pyrenees-cathare.fr\/es\/descargas\/\",\"name\":\"Descargas - Les Chalets du Lac Belcaire\",\"isPartOf\":{\"@id\":\"https:\/\/www.camping-pyrenees-cathare.fr\/#website\"},\"primaryImageOfPage\":{\"@id\":\"https:\/\/www.camping-pyrenees-cathare.fr\/es\/descargas\/#primaryimage\"},\"image\":{\"@id\":\"https:\/\/www.camping-pyrenees-cathare.fr\/es\/descargas\/#primaryimage\"},\"thumbnailUrl\":\"https:\/\/www.camping-pyrenees-cathare.fr\/wp-content\/uploads\/2023\/06\/venir-chalets-du-lac.webp\",\"datePublished\":\"2026-03-31T14:34:21+00:00\",\"dateModified\":\"2026-03-31T14:34:22+00:00\",\"breadcrumb\":{\"@id\":\"https:\/\/www.camping-pyrenees-cathare.fr\/es\/descargas\/#breadcrumb\"},\"inLanguage\":\"es\",\"potentialAction\":[{\"@type\":\"ReadAction\",\"target\":[\"https:\/\/www.camping-pyrenees-cathare.fr\/es\/descargas\/\"]}]},{\"@type\":\"ImageObject\",\"inLanguage\":\"es\",\"@id\":\"https:\/\/www.camping-pyrenees-cathare.fr\/es\/descargas\/#primaryimage\",\"url\":\"https:\/\/www.camping-pyrenees-cathare.fr\/wp-content\/uploads\/2023\/06\/venir-chalets-du-lac.webp\",\"contentUrl\":\"https:\/\/www.camping-pyrenees-cathare.fr\/wp-content\/uploads\/2023\/06\/venir-chalets-du-lac.webp\"},{\"@type\":\"BreadcrumbList\",\"@id\":\"https:\/\/www.camping-pyrenees-cathare.fr\/es\/descargas\/#breadcrumb\",\"itemListElement\":[{\"@type\":\"ListItem\",\"position\":1,\"name\":\"Camping Belcaire\",\"item\":\"https:\/\/www.camping-pyrenees-cathare.fr\/es\/\"},{\"@type\":\"ListItem\",\"position\":2,\"name\":\"Descargas\"}]},{\"@type\":\"WebSite\",\"@id\":\"https:\/\/www.camping-pyrenees-cathare.fr\/#website\",\"url\":\"https:\/\/www.camping-pyrenees-cathare.fr\/\",\"name\":\"Les chalets du lac Belcaire\",\"description\":\"\",\"publisher\":{\"@id\":\"https:\/\/www.camping-pyrenees-cathare.fr\/#organization\"},\"potentialAction\":[{\"@type\":\"SearchAction\",\"target\":{\"@type\":\"EntryPoint\",\"urlTemplate\":\"https:\/\/www.camping-pyrenees-cathare.fr\/?s={search_term_string}\"},\"query-input\":{\"@type\":\"PropertyValueSpecification\",\"valueRequired\":true,\"valueName\":\"search_term_string\"}}],\"inLanguage\":\"es\"},{\"@type\":\"Organization\",\"@id\":\"https:\/\/www.camping-pyrenees-cathare.fr\/#organization\",\"name\":\"Les chalets du lac Belcaire\",\"url\":\"https:\/\/www.camping-pyrenees-cathare.fr\/\",\"logo\":{\"@type\":\"ImageObject\",\"inLanguage\":\"es\",\"@id\":\"https:\/\/www.camping-pyrenees-cathare.fr\/#\/schema\/logo\/image\/\",\"url\":\"https:\/\/www.camping-pyrenees-cathare.fr\/wp-content\/uploads\/2023\/05\/logo-couleur-camping-les-chalets-du-lac.webp\",\"contentUrl\":\"https:\/\/www.camping-pyrenees-cathare.fr\/wp-content\/uploads\/2023\/05\/logo-couleur-camping-les-chalets-du-lac.webp\",\"width\":462,\"height\":252,\"caption\":\"Les chalets du lac Belcaire\"},\"image\":{\"@id\":\"https:\/\/www.camping-pyrenees-cathare.fr\/#\/schema\/logo\/image\/\"},\"sameAs\":[\"https:\/\/www.facebook.com\/campingbelcaire\/?locale=fr_FR\",\"https:\/\/www.tripadvisor.fr\/Hotel_Review-g1384321-d13748665-Reviews-Les_Chalets_du_Lac-Belcaire_Aude_Occitanie.html\",\"https:\/\/www.instagram.com\/leschaletsdulacbelcaire\/\"]}]}<\/script>\n<!-- \/ Yoast SEO plugin. -->","yoast_head_json":{"title":"Descargas - Les Chalets du Lac Belcaire","robots":{"index":"index","follow":"follow","max-snippet":"max-snippet:-1","max-image-preview":"max-image-preview:large","max-video-preview":"max-video-preview:-1"},"canonical":"https:\/\/www.camping-pyrenees-cathare.fr\/es\/descargas\/","og_locale":"es_ES","og_type":"article","og_title":"Descargas - Les Chalets du Lac Belcaire","og_url":"https:\/\/www.camping-pyrenees-cathare.fr\/es\/descargas\/","og_site_name":"Les Chalets du Lac Belcaire","article_publisher":"https:\/\/www.facebook.com\/campingbelcaire\/?locale=fr_FR","article_modified_time":"2026-03-31T14:34:22+00:00","og_image":[{"width":1024,"height":768,"url":"https:\/\/www.camping-pyrenees-cathare.fr\/wp-content\/uploads\/2023\/06\/venir-chalets-du-lac.webp","type":"image\/webp"}],"twitter_card":"summary_large_image","twitter_misc":{"Tiempo de lectura":"2 minutos"},"schema":{"@context":"https:\/\/schema.org","@graph":[{"@type":"WebPage","@id":"https:\/\/www.camping-pyrenees-cathare.fr\/es\/descargas\/","url":"https:\/\/www.camping-pyrenees-cathare.fr\/es\/descargas\/","name":"Descargas - Les Chalets du Lac Belcaire","isPartOf":{"@id":"https:\/\/www.camping-pyrenees-cathare.fr\/#website"},"primaryImageOfPage":{"@id":"https:\/\/www.camping-pyrenees-cathare.fr\/es\/descargas\/#primaryimage"},"image":{"@id":"https:\/\/www.camping-pyrenees-cathare.fr\/es\/descargas\/#primaryimage"},"thumbnailUrl":"https:\/\/www.camping-pyrenees-cathare.fr\/wp-content\/uploads\/2023\/06\/venir-chalets-du-lac.webp","datePublished":"2026-03-31T14:34:21+00:00","dateModified":"2026-03-31T14:34:22+00:00","breadcrumb":{"@id":"https:\/\/www.camping-pyrenees-cathare.fr\/es\/descargas\/#breadcrumb"},"inLanguage":"es","potentialAction":[{"@type":"ReadAction","target":["https:\/\/www.camping-pyrenees-cathare.fr\/es\/descargas\/"]}]},{"@type":"ImageObject","inLanguage":"es","@id":"https:\/\/www.camping-pyrenees-cathare.fr\/es\/descargas\/#primaryimage","url":"https:\/\/www.camping-pyrenees-cathare.fr\/wp-content\/uploads\/2023\/06\/venir-chalets-du-lac.webp","contentUrl":"https:\/\/www.camping-pyrenees-cathare.fr\/wp-content\/uploads\/2023\/06\/venir-chalets-du-lac.webp"},{"@type":"BreadcrumbList","@id":"https:\/\/www.camping-pyrenees-cathare.fr\/es\/descargas\/#breadcrumb","itemListElement":[{"@type":"ListItem","position":1,"name":"Camping Belcaire","item":"https:\/\/www.camping-pyrenees-cathare.fr\/es\/"},{"@type":"ListItem","position":2,"name":"Descargas"}]},{"@type":"WebSite","@id":"https:\/\/www.camping-pyrenees-cathare.fr\/#website","url":"https:\/\/www.camping-pyrenees-cathare.fr\/","name":"Les chalets du lac Belcaire","description":"","publisher":{"@id":"https:\/\/www.camping-pyrenees-cathare.fr\/#organization"},"potentialAction":[{"@type":"SearchAction","target":{"@type":"EntryPoint","urlTemplate":"https:\/\/www.camping-pyrenees-cathare.fr\/?s={search_term_string}"},"query-input":{"@type":"PropertyValueSpecification","valueRequired":true,"valueName":"search_term_string"}}],"inLanguage":"es"},{"@type":"Organization","@id":"https:\/\/www.camping-pyrenees-cathare.fr\/#organization","name":"Les chalets du lac Belcaire","url":"https:\/\/www.camping-pyrenees-cathare.fr\/","logo":{"@type":"ImageObject","inLanguage":"es","@id":"https:\/\/www.camping-pyrenees-cathare.fr\/#\/schema\/logo\/image\/","url":"https:\/\/www.camping-pyrenees-cathare.fr\/wp-content\/uploads\/2023\/05\/logo-couleur-camping-les-chalets-du-lac.webp","contentUrl":"https:\/\/www.camping-pyrenees-cathare.fr\/wp-content\/uploads\/2023\/05\/logo-couleur-camping-les-chalets-du-lac.webp","width":462,"height":252,"caption":"Les chalets du lac Belcaire"},"image":{"@id":"https:\/\/www.camping-pyrenees-cathare.fr\/#\/schema\/logo\/image\/"},"sameAs":["https:\/\/www.facebook.com\/campingbelcaire\/?locale=fr_FR","https:\/\/www.tripadvisor.fr\/Hotel_Review-g1384321-d13748665-Reviews-Les_Chalets_du_Lac-Belcaire_Aude_Occitanie.html","https:\/\/www.instagram.com\/leschaletsdulacbelcaire\/"]}]}},"_links":{"self":[{"href":"https:\/\/www.camping-pyrenees-cathare.fr\/es\/wp-json\/wp\/v2\/pages\/5864","targetHints":{"allow":["GET"]}}],"collection":[{"href":"https:\/\/www.camping-pyrenees-cathare.fr\/es\/wp-json\/wp\/v2\/pages"}],"about":[{"href":"https:\/\/www.camping-pyrenees-cathare.fr\/es\/wp-json\/wp\/v2\/types\/page"}],"author":[{"embeddable":true,"href":"https:\/\/www.camping-pyrenees-cathare.fr\/es\/wp-json\/wp\/v2\/users\/3"}],"replies":[{"embeddable":true,"href":"https:\/\/www.camping-pyrenees-cathare.fr\/es\/wp-json\/wp\/v2\/comments?post=5864"}],"version-history":[{"count":1,"href":"https:\/\/www.camping-pyrenees-cathare.fr\/es\/wp-json\/wp\/v2\/pages\/5864\/revisions"}],"predecessor-version":[{"id":5865,"href":"https:\/\/www.camping-pyrenees-cathare.fr\/es\/wp-json\/wp\/v2\/pages\/5864\/revisions\/5865"}],"wp:attachment":[{"href":"https:\/\/www.camping-pyrenees-cathare.fr\/es\/wp-json\/wp\/v2\/media?parent=5864"}],"wp:term":[{"taxonomy":"sujet","embeddable":true,"href":"https:\/\/www.camping-pyrenees-cathare.fr\/es\/wp-json\/wp\/v2\/sujet?post=5864"}],"curies":[{"name":"wp","href":"https:\/\/api.w.org\/{rel}","templated":true}]}}